{"id":2,"date":"2019-09-12T11:54:47","date_gmt":"2019-09-12T09:54:47","guid":{"rendered":"http:\/\/tiantraezh-maisondevieetderepit-finistere.bzh\/?page_id=2"},"modified":"2019-10-30T17:26:24","modified_gmt":"2019-10-30T16:26:24","slug":"page-d-exemple","status":"publish","type":"page","link":"https:\/\/tiantraezh-maisondevieetderepit-finistere.bzh\/","title":{"rendered":"TI AN TRAEZH"},"content":{"rendered":"\n<div class=\"wp-block-image\"><figure class=\"aligncenter\"><img loading=\"lazy\" decoding=\"async\" width=\"510\" height=\"489\" src=\"http:\/\/tiantraezh-maisondevieetderepit-finistere.bzh\/wp-content\/uploads\/2019\/09\/Logo-TAT-1.jpg\" alt=\"\" class=\"wp-image-40\" srcset=\"https:\/\/tiantraezh-maisondevieetderepit-finistere.bzh\/wp-content\/uploads\/2019\/09\/Logo-TAT-1.jpg 510w, https:\/\/tiantraezh-maisondevieetderepit-finistere.bzh\/wp-content\/uploads\/2019\/09\/Logo-TAT-1-300x288.jpg 300w\" sizes=\"auto, (max-width: 510px) 100vw, 510px\" \/><\/figure><\/div>\n\n\n\n<p style=\"text-align:left\" class=\"has-medium-font-size\">Bienvenue sur le site de TI AN TRAEZH le projet d\u2019une maison de vie et de r\u00e9pit dans le Sud Finist\u00e8re. Ensemble, concr\u00e9tisons l\u2019ouverture d\u2019une maison chaleureuse, \u00e0 dimension humaine qui accueillera des personnes atteintes d\u2019une maladie grave et \u00e9volutive, pour qui une hospitalisation n\u2019est pas n\u00e9cessaire mais dont le maintien \u00e0 domicile est fragilis\u00e9 par l\u2019\u00e9puisement des aidants. <\/p>\n\n\n\n<p><\/p>\n\n\n\n<p class=\"has-medium-font-size\">Maison de vie TI AN TRAEZH<\/p>\n\n\n\n<p class=\"has-medium-font-size\">Adresse :   MJC Centre Social TI AN DUD &#8211; 11 boulevard Camille R\u00e9aud &#8211; 29100 DOUARNENEZ <\/p>\n\n\n\n<p style=\"text-align:left\" class=\"has-medium-font-size\">T\u00e9l\u00e9phone : 07-60-30-73-82<\/p>\n\n\n\n<p class=\"has-medium-font-size\">Email : tiantraezh@gmail.com<\/p>\n\n\n\n<p class=\"has-medium-font-size\">Page Facebook : Ti An Traezh<\/p>\n","protected":false},"excerpt":{"rendered":"<p>Bienvenue sur le site de TI AN TRAEZH le projet d\u2019une maison de vie et de r\u00e9pit dans le Sud Finist\u00e8re. Ensemble, concr\u00e9tisons l\u2019ouverture d\u2019une maison chaleureuse, \u00e0 dimension humaine qui accueillera des personnes atteintes d\u2019une maladie grave et \u00e9volutive, pour qui une hospitalisation n\u2019est pas n\u00e9cessaire mais dont le maintien \u00e0 domicile est fragilis\u00e9&hellip;<\/p>\n<div><a class=\"excerpt-more button\" href=\"https:\/\/tiantraezh-maisondevieetderepit-finistere.bzh\/\">Continue reading <span class=\"screen-reader-text\">TI AN TRAEZH <\/span><span class=\"meta-nav\">&rarr;<\/span><\/a><\/div>\n","protected":false},"author":1,"featured_media":20,"parent":0,"menu_order":0,"comment_status":"closed","ping_status":"open","template":"","meta":{"footnotes":""},"class_list":["post-2","page","type-page","status-publish","has-post-thumbnail","hentry"],"_links":{"self":[{"href":"https:\/\/tiantraezh-maisondevieetderepit-finistere.bzh\/index.php?rest_route=\/wp\/v2\/pages\/2","targetHints":{"allow":["GET"]}}],"collection":[{"href":"https:\/\/tiantraezh-maisondevieetderepit-finistere.bzh\/index.php?rest_route=\/wp\/v2\/pages"}],"about":[{"href":"https:\/\/tiantraezh-maisondevieetderepit-finistere.bzh\/index.php?rest_route=\/wp\/v2\/types\/page"}],"author":[{"embeddable":true,"href":"https:\/\/tiantraezh-maisondevieetderepit-finistere.bzh\/index.php?rest_route=\/wp\/v2\/users\/1"}],"replies":[{"embeddable":true,"href":"https:\/\/tiantraezh-maisondevieetderepit-finistere.bzh\/index.php?rest_route=%2Fwp%2Fv2%2Fcomments&post=2"}],"version-history":[{"count":16,"href":"https:\/\/tiantraezh-maisondevieetderepit-finistere.bzh\/index.php?rest_route=\/wp\/v2\/pages\/2\/revisions"}],"predecessor-version":[{"id":174,"href":"https:\/\/tiantraezh-maisondevieetderepit-finistere.bzh\/index.php?rest_route=\/wp\/v2\/pages\/2\/revisions\/174"}],"wp:featuredmedia":[{"embeddable":true,"href":"https:\/\/tiantraezh-maisondevieetderepit-finistere.bzh\/index.php?rest_route=\/wp\/v2\/media\/20"}],"wp:attachment":[{"href":"https:\/\/tiantraezh-maisondevieetderepit-finistere.bzh\/index.php?rest_route=%2Fwp%2Fv2%2Fmedia&parent=2"}],"curies":[{"name":"wp","href":"https:\/\/api.w.org\/{rel}","templated":true}]}}